{"id":99,"date":"2021-07-02T07:45:43","date_gmt":"2021-07-02T07:45:43","guid":{"rendered":"https:\/\/tf01.themeruby.com\/software\/?page_id=99"},"modified":"2025-12-02T09:40:49","modified_gmt":"2025-12-02T09:40:49","slug":"contact","status":"publish","type":"page","link":"https:\/\/skyleap.vn\/index.php\/contact\/","title":{"rendered":"Li\u00ean H\u1ec7"},"content":{"rendered":"\t\t<div data-elementor-type=\"wp-page\" data-elementor-id=\"99\" class=\"elementor elementor-99\">\n\t\t\t\t<div class=\"elementor-element elementor-element-46b6a94 e-flex e-con-boxed e-con e-parent\" data-id=\"46b6a94\" data-element_type=\"container\">\n\t\t\t\t\t<div class=\"e-con-inner\">\n\t\t\t\t<div class=\"elementor-element elementor-element-37701bb elementor-widget elementor-widget-text-editor\" data-id=\"37701bb\" data-element_type=\"widget\" data-widget_type=\"text-editor.default\">\n\t\t\t\t\t\t\t\t\t\n<h1>Li\u00ean H\u1ec7 Cho Ch\u00fang T\u00f4i<\/h1>\n\n<p>Sky Leap lu\u00f4n tr\u00e2n tr\u1ecdng m\u1ecdi ph\u1ea3n h\u1ed3i t\u1eeb b\u1ea1n. \u0110\u00e2y ch\u00ednh l\u00e0 c\u01a1 s\u1edf \u0111\u1ec3 ch\u00fang t\u00f4i c\u1ea3i thi\u1ec7n quy tr\u00ecnh, n\u00e2ng cao hi\u1ec7u su\u1ea5t qu\u1ea3ng c\u00e1o v\u00e0 mang l\u1ea1i k\u1ebft qu\u1ea3 t\u1ed1t h\u01a1n tr\u00ean TikTok, Facebook, Google v\u00e0 Zalo.<\/p>\n<hr class=\"wp-block-separator has-css-opacity is-style-default\" \/><div class=\"wpcf7 no-js\" id=\"wpcf7-f391-o1\" lang=\"vi\" dir=\"ltr\" data-wpcf7-id=\"391\">\n<div class=\"screen-reader-response\">\n<p role=\"status\" aria-live=\"polite\" aria-atomic=\"true\">\n<ul><\/ul>\n<\/div>\n<form action=\"\/index.php\/wp-json\/wp\/v2\/pages\/99#wpcf7-f391-o1\" method=\"post\" class=\"wpcf7-form init\" aria-label=\"Form li\u00ean h\u1ec7\" novalidate=\"novalidate\" data-status=\"init\">\n<fieldset class=\"hidden-fields-container\"><input type=\"hidden\" name=\"_wpcf7\" value=\"391\" \/><input type=\"hidden\" name=\"_wpcf7_version\" value=\"6.1.4\" \/><input type=\"hidden\" name=\"_wpcf7_locale\" value=\"vi\" \/><input type=\"hidden\" name=\"_wpcf7_unit_tag\" value=\"wpcf7-f391-o1\" \/><input type=\"hidden\" name=\"_wpcf7_container_post\" value=\"0\" \/><input type=\"hidden\" name=\"_wpcf7_posted_data_hash\" value=\"\" \/><br \/>\n<\/fieldset>\n<div class=\"cf7-newsletter\">\n<div class=\"row\">\n<div class=\"col-6\">\n<p><span class=\"wpcf7-form-control-wrap\" data-name=\"your-name\"><input size=\"40\" maxlength=\"400\" class=\"wpcf7-form-control wpcf7-text wpcf7-validates-as-required\" aria-required=\"true\" aria-invalid=\"false\" placeholder=\"H\u1ecd V\u00e0 T\u00ean *\" value=\"\" type=\"text\" name=\"your-name\" \/><\/span>\n\t\t\t<\/p>\n<\/p><\/div>\n<div class=\"col-6\">\n<p><span class=\"wpcf7-form-control-wrap\" data-name=\"your-email\"><input size=\"40\" maxlength=\"400\" class=\"wpcf7-form-control wpcf7-email wpcf7-validates-as-required wpcf7-text wpcf7-validates-as-email\" aria-required=\"true\" aria-invalid=\"false\" placeholder=\"\u0110\u1ecba ch\u1ec9 Email *\" value=\"\" type=\"email\" name=\"your-email\" \/><\/span>\n\t\t\t<\/p>\n<\/p><\/div>\n<\/p><\/div>\n<div class=\"row\">\n<div class=\"col-6\">\n<p><span class=\"wpcf7-form-control-wrap\" data-name=\"your-phone\"><input size=\"40\" maxlength=\"400\" class=\"wpcf7-form-control wpcf7-tel wpcf7-validates-as-required wpcf7-text wpcf7-validates-as-tel\" aria-required=\"true\" aria-invalid=\"false\" placeholder=\"S\u1ed1 \u0110i\u1ec7n Tho\u1ea1i *\" value=\"\" type=\"tel\" name=\"your-phone\" \/><\/span>\n\t\t\t<\/p>\n<\/p><\/div>\n<div class=\"col-6\">\n<p><span class=\"wpcf7-form-control-wrap\" data-name=\"your-address\"><input size=\"40\" maxlength=\"400\" class=\"wpcf7-form-control wpcf7-text\" aria-invalid=\"false\" placeholder=\"\u0110\u1ecba Ch\u1ec9\" value=\"\" type=\"text\" name=\"your-address\" \/><\/span>\n\t\t\t<\/p>\n<\/p><\/div>\n<\/p><\/div>\n<div class=\"row\">\n<div class=\"col-12\">\n<p><span class=\"wpcf7-form-control-wrap\" data-name=\"your-message\"><textarea cols=\"40\" rows=\"10\" maxlength=\"2000\" class=\"wpcf7-form-control wpcf7-textarea\" aria-invalid=\"false\" placeholder=\"N\u1ed9i Dung\" name=\"your-message\"><\/textarea><\/span>\n\t\t\t<\/p>\n<\/p><\/div>\n<\/p><\/div>\n<div class=\"row\">\n<div class=\"col-12\">\n<p><input class=\"wpcf7-form-control wpcf7-submit has-spinner\" type=\"submit\" value=\"Li\u00ean H\u1ec7 Ngay\" \/>\n\t\t\t<\/p>\n<\/p><\/div>\n<\/p><\/div>\n<\/div>\n<div class=\"wpcf7-response-output\" aria-hidden=\"true\"><\/div>\n<\/form>\n<\/div>\n\t\t\t\t\t\t\t\t<\/div>\n\t\t\t\t\t<\/div>\n\t\t\t\t<\/div>\n\t\t<div class=\"elementor-element elementor-element-2c57270 e-flex e-con-boxed e-con e-parent\" data-id=\"2c57270\" data-element_type=\"container\">\n\t\t\t\t\t<div class=\"e-con-inner\">\n\t\t\t\t<div class=\"elementor-element elementor-element-6156ef3 elementor-widget elementor-widget-google_maps\" data-id=\"6156ef3\" data-element_type=\"widget\" data-widget_type=\"google_maps.default\">\n\t\t\t\t\t\t\t<div class=\"elementor-custom-embed\">\n\t\t\t<iframe loading=\"lazy\"\n\t\t\t\t\tsrc=\"https:\/\/maps.google.com\/maps?q=173%20Nguy%E1%BB%85n%20L%C6%B0%C6%A1ng%20B%E1%BA%B1ng&#038;t=m&#038;z=13&#038;output=embed&#038;iwloc=near\"\n\t\t\t\t\ttitle=\"173 Nguy\u1ec5n L\u01b0\u01a1ng B\u1eb1ng\"\n\t\t\t\t\taria-label=\"173 Nguy\u1ec5n L\u01b0\u01a1ng B\u1eb1ng\"\n\t\t\t><\/iframe>\n\t\t<\/div>\n\t\t\t\t\t\t<\/div>\n\t\t\t\t\t<\/div>\n\t\t\t\t<\/div>\n\t\t\t\t<\/div>\n\t\t","protected":false},"excerpt":{"rendered":"<p>Li\u00ean H\u1ec7 Cho Ch\u00fang T\u00f4i Sky Leap lu\u00f4n tr\u00e2n tr\u1ecdng m\u1ecdi ph\u1ea3n h\u1ed3i t\u1eeb b\u1ea1n. \u0110\u00e2y ch\u00ednh l\u00e0 c\u01a1 s\u1edf \u0111\u1ec3 ch\u00fang t\u00f4i c\u1ea3i thi\u1ec7n quy tr\u00ecnh, n\u00e2ng cao hi\u1ec7u su\u1ea5t qu\u1ea3ng c\u00e1o v\u00e0 mang l\u1ea1i k\u1ebft qu\u1ea3 t\u1ed1t h\u01a1n tr\u00ean TikTok, Facebook, Google v\u00e0 Zalo.<\/p>\n","protected":false},"author":1,"featured_media":268,"parent":0,"menu_order":0,"comment_status":"closed","ping_status":"closed","template":"","meta":{"content-type":"","footnotes":""},"class_list":["post-99","page","type-page","status-publish","has-post-thumbnail"],"_links":{"self":[{"href":"https:\/\/skyleap.vn\/index.php\/wp-json\/wp\/v2\/pages\/99","targetHints":{"allow":["GET"]}}],"collection":[{"href":"https:\/\/skyleap.vn\/index.php\/wp-json\/wp\/v2\/pages"}],"about":[{"href":"https:\/\/skyleap.vn\/index.php\/wp-json\/wp\/v2\/types\/page"}],"author":[{"embeddable":true,"href":"https:\/\/skyleap.vn\/index.php\/wp-json\/wp\/v2\/users\/1"}],"replies":[{"embeddable":true,"href":"https:\/\/skyleap.vn\/index.php\/wp-json\/wp\/v2\/comments?post=99"}],"version-history":[{"count":13,"href":"https:\/\/skyleap.vn\/index.php\/wp-json\/wp\/v2\/pages\/99\/revisions"}],"predecessor-version":[{"id":419,"href":"https:\/\/skyleap.vn\/index.php\/wp-json\/wp\/v2\/pages\/99\/revisions\/419"}],"wp:featuredmedia":[{"embeddable":true,"href":"https:\/\/skyleap.vn\/index.php\/wp-json\/wp\/v2\/media\/268"}],"wp:attachment":[{"href":"https:\/\/skyleap.vn\/index.php\/wp-json\/wp\/v2\/media?parent=99"}],"curies":[{"name":"wp","href":"https:\/\/api.w.org\/{rel}","templated":true}]}}